
{"id":261004,"date":"2024-11-27T08:28:53","date_gmt":"2024-11-27T07:28:53","guid":{"rendered":"https:\/\/meseorszagmindenkie.hu\/?page_id=261004"},"modified":"2024-11-27T08:39:58","modified_gmt":"2024-11-27T07:39:58","slug":"toth-b-judit","status":"publish","type":"page","link":"https:\/\/meseorszagmindenkie.hu\/en\/szerzok\/toth-b-judit\/","title":{"rendered":"Judit T\u00f3th B."},"content":{"rendered":"<p>[et_pb_section fb_built=&#8221;1&#8243; admin_label=&#8221;Header&#8221; _builder_version=&#8221;4.27.3&#8243; _module_preset=&#8221;default&#8221; background_color=&#8221;gcid-695690f7-1400-435d-ab5d-81e5d8a43692&#8243; overflow-x=&#8221;hidden&#8221; overflow-y=&#8221;hidden&#8221; custom_padding=&#8221;3px|||||&#8221; background_last_edited=&#8221;on|desktop&#8221; locked=&#8221;off&#8221; collapsed=&#8221;off&#8221; global_colors_info=&#8221;{%22gcid-695690f7-1400-435d-ab5d-81e5d8a43692%22:%91%22background_color%22%93}&#8221;][et_pb_row column_structure=&#8221;1_2,1_2&#8243; _builder_version=&#8221;4.25.1&#8243; _module_preset=&#8221;default&#8221; custom_padding=&#8221;150px||||false|false&#8221; global_colors_info=&#8221;{}&#8221;][et_pb_column type=&#8221;1_2&#8243; _builder_version=&#8221;4.25.1&#8243; _module_preset=&#8221;default&#8221; background_color=&#8221;#FFFFFF&#8221; z_index=&#8221;10&#8243; custom_padding=&#8221;10%|5%|10%|5%|true|true&#8221; custom_padding_tablet=&#8221;0%||0%||true|false&#8221; custom_padding_phone=&#8221;0%||0%||true|false&#8221; custom_padding_last_edited=&#8221;on|desktop&#8221; box_shadow_style=&#8221;preset4&#8243; box_shadow_horizontal=&#8221;-200px&#8221; box_shadow_vertical=&#8221;-90px&#8221; box_shadow_color=&#8221;gcid-49867634-93e9-4875-ba57-768929494fb1&#8243; global_colors_info=&#8221;{%22gcid-672c49ec-b8cc-4f22-a785-dec4ee1498c5%22:%91%22button_text_color%22,%22button_border_color%22,%22button_bg_color__hover%22,%22link_text_color%22,%22quote_text_color%22,%22quote_border_color%22,%22link_text_color%22,%22quote_text_color%22,%22quote_border_color%22%93,%22gcid-heading-color%22:%91%22body_text_color%22%93,%22gcid-0ec00ca9-ec06-4784-a057-5ece2d56f250%22:%91%22header_text_color%22%93,%22gcid-49867634-93e9-4875-ba57-768929494fb1%22:%91%22box_shadow_color%22%93}&#8221;][et_pb_heading title=&#8221;A J\u00e9gkir\u00e1ly &#8211; Meseorsz\u00e1g mindenki\u00e9&#8221; _builder_version=&#8221;4.27.3&#8243; _module_preset=&#8221;debd772f-09b2-4b39-9007-472dc82bfca9&#8243; title_text_color=&#8221;gcid-672c49ec-b8cc-4f22-a785-dec4ee1498c5&#8243; global_colors_info=&#8221;{%22gcid-672c49ec-b8cc-4f22-a785-dec4ee1498c5%22:%91%22title_text_color%22%93}&#8221;][\/et_pb_heading][et_pb_heading title=&#8221;T\u00f3th B. Judit&#8221; _builder_version=&#8221;4.27.3&#8243; _module_preset=&#8221;cd5f5131-9ee2-4cc3-97b0-9a619429c49e&#8221; global_colors_info=&#8221;{}&#8221;][\/et_pb_heading][et_pb_divider color=&#8221;gcid-49867634-93e9-4875-ba57-768929494fb1&#8243; _builder_version=&#8221;4.25.1&#8243; _module_preset=&#8221;default&#8221; height=&#8221;1px&#8221; global_colors_info=&#8221;{%22gcid-49867634-93e9-4875-ba57-768929494fb1%22:%91%22color%22%93}&#8221;][\/et_pb_divider][et_pb_text content_last_edited=&#8221;off|desktop&#8221; _builder_version=&#8221;4.27.4&#8243; _module_preset=&#8221;31e45780-2891-4e65-be84-f2c1058ee9a2&#8243; text_font=&#8221;Cormorant Garamond||||||||&#8221; text_font_size=&#8221;18px&#8221; hover_enabled=&#8221;0&#8243; text_font_last_edited=&#8221;off|desktop&#8221; text_text_color_tablet=&#8221;&#8221; text_text_color_phone=&#8221;&#8221; text_text_color_last_edited=&#8221;on|desktop&#8221; text_letter_spacing_tablet=&#8221;&#8221; text_letter_spacing_phone=&#8221;&#8221; text_letter_spacing_last_edited=&#8221;on|desktop&#8221; text_line_height_tablet=&#8221;&#8221; text_line_height_phone=&#8221;&#8221; text_line_height_last_edited=&#8221;on|desktop&#8221; link_font_tablet=&#8221;&#8221; link_font_phone=&#8221;&#8221; link_font_last_edited=&#8221;on|desktop&#8221; link_text_align_tablet=&#8221;&#8221; link_text_align_phone=&#8221;&#8221; link_text_align_last_edited=&#8221;on|desktop&#8221; link_text_color_tablet=&#8221;&#8221; link_text_color_phone=&#8221;&#8221; link_text_color_last_edited=&#8221;on|desktop&#8221; link_font_size_tablet=&#8221;&#8221; link_font_size_phone=&#8221;&#8221; link_font_size_last_edited=&#8221;on|desktop&#8221; link_letter_spacing_tablet=&#8221;&#8221; link_letter_spacing_phone=&#8221;&#8221; link_letter_spacing_last_edited=&#8221;on|desktop&#8221; link_line_height_tablet=&#8221;&#8221; link_line_height_phone=&#8221;&#8221; link_line_height_last_edited=&#8221;on|desktop&#8221; text_orientation_tablet=&#8221;&#8221; text_orientation_phone=&#8221;&#8221; text_orientation_last_edited=&#8221;on|desktop&#8221; background_layout_tablet=&#8221;&#8221; background_layout_phone=&#8221;&#8221; background_layout_last_edited=&#8221;on|desktop&#8221; global_colors_info=&#8221;{}&#8221; sticky_enabled=&#8221;0&#8243;]<\/p>\n<p>B\u00e9k\u00e9scsab\u00e1n \u00e9l, sz\u00f6veg gondoz\u00e1ssal foglalkozik. Jelent meg m\u00e1r hangj\u00e1t\u00e9ka, mesereg\u00e9nye, \u00edr feln\u0151tteknek is mes\u00e9t. Elismeri az evol\u00faci\u00f3 erej\u00e9t, m\u00e9gis gy\u0171l\u00f6li a verseng\u00e9st. Rajzol, heged\u00fcl, hiszi, hogy l\u00e9tezik valahol egy titkos kert, ahol nincs hal\u00e1l \u00e9s szenved\u00e9s.<\/p>\n<p>[\/et_pb_text][\/et_pb_column][et_pb_column type=&#8221;1_2&#8243; _builder_version=&#8221;4.25.1&#8243; _module_preset=&#8221;default&#8221; global_colors_info=&#8221;{}&#8221;][et_pb_image src=&#8221;https:\/\/meseorszagmindenkie.hu\/wp-content\/uploads\/toth-b-judit-kep.jpg&#8221; title_text=&#8221;toth-b-judit-kep&#8221; src_tablet=&#8221;https:\/\/meseorszagmindenkie.hu\/wp-content\/uploads\/toth-b-judit-kep.jpg&#8221; src_phone=&#8221;https:\/\/meseorszagmindenkie.hu\/wp-content\/uploads\/toth-b-judit-kep.jpg&#8221; src_last_edited=&#8221;on|desktop&#8221; _builder_version=&#8221;4.27.3&#8243; _module_preset=&#8221;default&#8221; custom_margin=&#8221;-200px|||-25%|false|false&#8221; animation_style=&#8221;fade&#8221; animation_duration=&#8221;500ms&#8221; locked=&#8221;off&#8221; global_colors_info=&#8221;{}&#8221;][\/et_pb_image][\/et_pb_column][\/et_pb_row][\/et_pb_section]<\/p>\n","protected":false},"excerpt":{"rendered":"<p>She lives in B\u00e9k\u00e9scsaba and works as a proofreader. She has published radio plays,\nchildren\u2019s fiction, has written tales for adults as well. Though she acknowledges the power\nof evolution, she hates competition. She draws and plays the violin and believes there is a\nsecret garden somewhere where there is no death and suffering.<\/p>","protected":false},"author":1,"featured_media":0,"parent":42,"menu_order":0,"comment_status":"closed","ping_status":"closed","template":"","meta":{"_seopress_robots_primary_cat":"","_seopress_titles_title":"","_seopress_titles_desc":"","_seopress_robots_index":"","_et_pb_use_builder":"on","_et_pb_old_content":"","_et_gb_content_width":"","footnotes":""},"class_list":["post-261004","page","type-page","status-publish","hentry"],"_links":{"self":[{"href":"https:\/\/meseorszagmindenkie.hu\/en\/wp-json\/wp\/v2\/pages\/261004","targetHints":{"allow":["GET"]}}],"collection":[{"href":"https:\/\/meseorszagmindenkie.hu\/en\/wp-json\/wp\/v2\/pages"}],"about":[{"href":"https:\/\/meseorszagmindenkie.hu\/en\/wp-json\/wp\/v2\/types\/page"}],"author":[{"embeddable":true,"href":"https:\/\/meseorszagmindenkie.hu\/en\/wp-json\/wp\/v2\/users\/1"}],"replies":[{"embeddable":true,"href":"https:\/\/meseorszagmindenkie.hu\/en\/wp-json\/wp\/v2\/comments?post=261004"}],"version-history":[{"count":9,"href":"https:\/\/meseorszagmindenkie.hu\/en\/wp-json\/wp\/v2\/pages\/261004\/revisions"}],"predecessor-version":[{"id":261429,"href":"https:\/\/meseorszagmindenkie.hu\/en\/wp-json\/wp\/v2\/pages\/261004\/revisions\/261429"}],"up":[{"embeddable":true,"href":"https:\/\/meseorszagmindenkie.hu\/en\/wp-json\/wp\/v2\/pages\/42"}],"wp:attachment":[{"href":"https:\/\/meseorszagmindenkie.hu\/en\/wp-json\/wp\/v2\/media?parent=261004"}],"curies":[{"name":"wp","href":"https:\/\/api.w.org\/{rel}","templated":true}]}}