
{"id":260173,"date":"2023-06-20T14:32:31","date_gmt":"2023-06-20T12:32:31","guid":{"rendered":"http:\/\/meseorszagmindenkie.hu\/?page_id=260173"},"modified":"2023-11-07T14:42:00","modified_gmt":"2023-11-07T13:42:00","slug":"foglalkozastervek-felsosoknek","status":"publish","type":"page","link":"https:\/\/meseorszagmindenkie.hu\/en\/pedagogusoknak-ajanlott\/foglalkozastervek\/foglalkozastervek-felsosoknek\/","title":{"rendered":"Foglalkoz\u00e1stervek fels\u0151s\u00f6knek"},"content":{"rendered":"<p>[et_pb_section fb_built=&#8221;1&#8243; custom_padding_last_edited=&#8221;on|phone&#8221; admin_label=&#8221;Hero&#8221; _builder_version=&#8221;4.23&#8243; width=&#8221;90%&#8221; width_tablet=&#8221;100%&#8221; width_phone=&#8221;&#8221; width_last_edited=&#8221;on|desktop&#8221; custom_padding=&#8221;||0px|10vw|false|false&#8221; custom_padding_tablet=&#8221;|||0vw|false|false&#8221; custom_padding_phone=&#8221;&#8221; hover_enabled=&#8221;0&#8243; locked=&#8221;off&#8221; global_colors_info=&#8221;{}&#8221; sticky_enabled=&#8221;0&#8243;][et_pb_row make_equal=&#8221;on&#8221; _builder_version=&#8221;4.16&#8243; custom_padding=&#8221;0px||0px|||&#8221; global_colors_info=&#8221;{}&#8221;][et_pb_column type=&#8221;4_4&#8243; _builder_version=&#8221;4.16&#8243; global_colors_info=&#8221;{}&#8221;][et_pb_text _builder_version=&#8221;4.20.4&#8243; header_font=&#8221;Cormorant Garamond||||||||&#8221; header_text_color=&#8221;#000000&#8243; header_font_size=&#8221;96px&#8221; header_line_height=&#8221;1.1em&#8221; background_enable_color=&#8221;off&#8221; max_width=&#8221;800px&#8221; custom_margin=&#8221;||||false|false&#8221; header_font_size_tablet=&#8221;56px&#8221; header_font_size_phone=&#8221;40px&#8221; header_font_size_last_edited=&#8221;on|phone&#8221; locked=&#8221;off&#8221; global_colors_info=&#8221;{}&#8221;]<\/p>\n<h1>Foglalkoz\u00e1stervek fels\u0151s\u00f6knek<\/h1>\n<p>[\/et_pb_text][\/et_pb_column][\/et_pb_row][\/et_pb_section][et_pb_section fb_built=&#8221;1&#8243; admin_label=&#8221;Blog&#8221; _builder_version=&#8221;4.16&#8243; global_colors_info=&#8221;{}&#8221;][et_pb_row column_structure=&#8221;1_3,1_3,1_3&#8243; _builder_version=&#8221;4.20.4&#8243; custom_padding=&#8221;0px||||false|false&#8221; locked=&#8221;off&#8221; global_colors_info=&#8221;{}&#8221;][et_pb_column type=&#8221;1_3&#8243; _builder_version=&#8221;4.20.4&#8243; background_enable_color=&#8221;off&#8221; z_index=&#8221;10&#8243; custom_padding=&#8221;30px||||false|false&#8221; custom_padding_tablet=&#8221;0px||||false|false&#8221; custom_padding_phone=&#8221;&#8221; custom_padding_last_edited=&#8221;on|tablet&#8221; global_colors_info=&#8221;{}&#8221;][dsm_card title=&#8221;A kacskaring\u00f3s sz\u00edv\u00f3sz\u00e1l&#8221; subtitle=&#8221;Let\u00f6lthet\u0151&#8221; image=&#8221;https:\/\/meseorszagmindenkie.hu\/wp-content\/uploads\/kacskaringos2_2x-scaled.jpg&#8221; image_background_position=&#8221;top&#8221; image_alignment=&#8221;center&#8221; content_padding=&#8221;50px|20px|50px|20px|true|false&#8221; button_text=&#8221;A kacskaring\u00f3s sz\u00edv\u00f3sz\u00e1l &#8211; Bareith Rebeka.pdf&#8221; button_url=&#8221;https:\/\/meseorszagmindenkie.hu\/wp-content\/uploads\/A-kacskaringos-szivoszal-Bareith-Rebeka.pdf&#8221; button_url_new_window=&#8221;1&#8243; _builder_version=&#8221;4.23&#8243; _module_preset=&#8221;default&#8221; header_font=&#8221;Cormorant Garamond|700|||||||&#8221; header_text_align=&#8221;center&#8221; header_text_color=&#8221;#000000&#8243; header_font_size=&#8221;27px&#8221; body_text_align=&#8221;center&#8221; subhead_font=&#8221;Cormorant Garamond|700||||on|||&#8221; custom_button=&#8221;on&#8221; button_text_size=&#8221;12px&#8221; button_text_color=&#8221;#FFFFFF&#8221; button_bg_color=&#8221;#000000&#8243; button_border_width=&#8221;0px&#8221; button_border_radius=&#8221;0px&#8221; button_letter_spacing=&#8221;4px&#8221; button_font=&#8221;|700||on|||||&#8221; button_use_icon=&#8221;off&#8221; button_alignment=&#8221;center&#8221; button_custom_padding=&#8221;12px|45px|12px|30px|true|false&#8221; button_custom_padding_tablet=&#8221;12px|45px|12px|30px|true|false&#8221; button_custom_padding_phone=&#8221;|35px||25px|true|false&#8221; button_custom_padding_last_edited=&#8221;on|phone&#8221; text_orientation=&#8221;center&#8221; custom_padding=&#8221;||||false|false&#8221; border_radii=&#8221;on|5px|5px|5px|5px&#8221; box_shadow_style=&#8221;preset1&#8243; box_shadow_vertical=&#8221;26px&#8221; box_shadow_blur=&#8221;32px&#8221; box_shadow_color=&#8221;rgba(34,33,81,0.11)&#8221; global_colors_info=&#8221;{}&#8221; transform_styles__hover_enabled=&#8221;on|desktop&#8221; transform_scale__hover=&#8221;105%|105%&#8221; transform_scale__hover_enabled=&#8221;on|desktop&#8221; transform_translate__hover_enabled=&#8221;on|desktop&#8221; transform_rotate__hover_enabled=&#8221;on|desktop&#8221; transform_skew__hover_enabled=&#8221;on|desktop&#8221; transform_origin__hover_enabled=&#8221;on|desktop&#8221;][\/dsm_card][\/et_pb_column][et_pb_column type=&#8221;1_3&#8243; _builder_version=&#8221;4.16&#8243; z_index=&#8221;10&#8243; custom_padding=&#8221;30px||||false|false&#8221; custom_padding_tablet=&#8221;0px||||false|false&#8221; custom_padding_phone=&#8221;&#8221; custom_padding_last_edited=&#8221;on|tablet&#8221; global_colors_info=&#8221;{}&#8221;][dsm_card title=&#8221;Az \u0151zike agancsa&#8221; subtitle=&#8221;Let\u00f6lthet\u0151&#8221; image=&#8221;https:\/\/meseorszagmindenkie.hu\/wp-content\/uploads\/ozike1_2x.jpg&#8221; image_alignment=&#8221;center&#8221; content_padding=&#8221;50px|20px|50px|20px|true|false&#8221; button_text=&#8221;Az \u0151zike agancsa &#8211; Kormos Kevin \u00e9s Salga Imre.pdf&#8221; button_url=&#8221;https:\/\/meseorszagmindenkie.hu\/wp-content\/uploads\/Az-ozike-agancsa-Kormos-Kevin-es-Salga-Imre.pdf&#8221; button_url_new_window=&#8221;1&#8243; _builder_version=&#8221;4.23&#8243; _module_preset=&#8221;default&#8221; header_font=&#8221;Cormorant Garamond|700|||||||&#8221; header_text_align=&#8221;center&#8221; header_text_color=&#8221;#000000&#8243; header_font_size=&#8221;27px&#8221; body_text_align=&#8221;center&#8221; subhead_font=&#8221;Cormorant Garamond|700||||on|||&#8221; custom_button=&#8221;on&#8221; button_text_size=&#8221;12px&#8221; button_text_color=&#8221;#FFFFFF&#8221; button_bg_color=&#8221;#000000&#8243; button_border_width=&#8221;0px&#8221; button_border_radius=&#8221;0px&#8221; button_letter_spacing=&#8221;4px&#8221; button_font=&#8221;|700||on|||||&#8221; button_use_icon=&#8221;off&#8221; button_alignment=&#8221;center&#8221; button_custom_padding=&#8221;12px|45px|12px|30px|true|false&#8221; button_custom_padding_tablet=&#8221;12px|45px|12px|30px|true|false&#8221; button_custom_padding_phone=&#8221;|35px||25px|true|false&#8221; button_custom_padding_last_edited=&#8221;on|phone&#8221; text_orientation=&#8221;center&#8221; custom_padding=&#8221;||||false|false&#8221; border_radii=&#8221;on|5px|5px|5px|5px&#8221; box_shadow_style=&#8221;preset1&#8243; box_shadow_vertical=&#8221;26px&#8221; box_shadow_blur=&#8221;32px&#8221; box_shadow_color=&#8221;rgba(34,33,81,0.11)&#8221; global_colors_info=&#8221;{}&#8221; transform_styles__hover_enabled=&#8221;on|desktop&#8221; transform_scale__hover=&#8221;105%|105%&#8221; transform_scale__hover_enabled=&#8221;on|desktop&#8221; transform_translate__hover_enabled=&#8221;on|desktop&#8221; transform_rotate__hover_enabled=&#8221;on|desktop&#8221; transform_skew__hover_enabled=&#8221;on|desktop&#8221; transform_origin__hover_enabled=&#8221;on|desktop&#8221;][\/dsm_card][\/et_pb_column][et_pb_column type=&#8221;1_3&#8243; _builder_version=&#8221;4.16&#8243; z_index=&#8221;10&#8243; custom_padding=&#8221;30px||||false|false&#8221; custom_padding_tablet=&#8221;0px||||false|false&#8221; custom_padding_phone=&#8221;&#8221; custom_padding_last_edited=&#8221;on|tablet&#8221; global_colors_info=&#8221;{}&#8221;][dsm_card title=&#8221;\u00d3ri\u00e1s\u00f6l\u0151 Margaret&#8221; subtitle=&#8221;Let\u00f6lthet\u0151&#8221; image=&#8221;https:\/\/meseorszagmindenkie.hu\/wp-content\/uploads\/oriasolo_margaret1_2x-1.jpg&#8221; image_alignment=&#8221;center&#8221; content_padding=&#8221;50px|20px|50px|20px|true|false&#8221; button_text=&#8221;\u00d3ri\u00e1s\u00f6l\u0151 Margaret &#8211; Bareith Rebeka.pdf&#8221; button_url=&#8221;https:\/\/meseorszagmindenkie.hu\/wp-content\/uploads\/Oriasolo-Margaret-Bareith-Rebeka.pdf&#8221; button_url_new_window=&#8221;1&#8243; _builder_version=&#8221;4.23&#8243; _module_preset=&#8221;default&#8221; header_font=&#8221;Cormorant Garamond|700|||||||&#8221; header_text_align=&#8221;center&#8221; header_text_color=&#8221;#000000&#8243; header_font_size=&#8221;27px&#8221; body_text_align=&#8221;center&#8221; subhead_font=&#8221;Cormorant Garamond|700||||on|||&#8221; custom_button=&#8221;on&#8221; button_text_size=&#8221;12px&#8221; button_text_color=&#8221;#FFFFFF&#8221; button_bg_color=&#8221;#000000&#8243; button_border_width=&#8221;0px&#8221; button_border_radius=&#8221;0px&#8221; button_letter_spacing=&#8221;4px&#8221; button_font=&#8221;|700||on|||||&#8221; button_use_icon=&#8221;off&#8221; button_alignment=&#8221;center&#8221; button_custom_padding=&#8221;12px|45px|12px|30px|true|false&#8221; button_custom_padding_tablet=&#8221;12px|45px|12px|30px|true|false&#8221; button_custom_padding_phone=&#8221;|35px||25px|true|false&#8221; button_custom_padding_last_edited=&#8221;on|phone&#8221; text_orientation=&#8221;center&#8221; custom_padding=&#8221;||||false|false&#8221; border_radii=&#8221;on|5px|5px|5px|5px&#8221; box_shadow_style=&#8221;preset1&#8243; box_shadow_vertical=&#8221;26px&#8221; box_shadow_blur=&#8221;32px&#8221; box_shadow_color=&#8221;rgba(34,33,81,0.11)&#8221; global_colors_info=&#8221;{}&#8221; transform_styles__hover_enabled=&#8221;on|desktop&#8221; transform_scale__hover=&#8221;105%|105%&#8221; transform_scale__hover_enabled=&#8221;on|desktop&#8221; transform_translate__hover_enabled=&#8221;on|desktop&#8221; transform_rotate__hover_enabled=&#8221;on|desktop&#8221; transform_skew__hover_enabled=&#8221;on|desktop&#8221; transform_origin__hover_enabled=&#8221;on|desktop&#8221;][\/dsm_card][\/et_pb_column][\/et_pb_row][et_pb_row column_structure=&#8221;1_3,1_3,1_3&#8243; _builder_version=&#8221;4.20.4&#8243; custom_padding=&#8221;0px||||false|false&#8221; locked=&#8221;off&#8221; global_colors_info=&#8221;{}&#8221;][et_pb_column type=&#8221;1_3&#8243; _builder_version=&#8221;4.20.4&#8243; background_enable_color=&#8221;off&#8221; z_index=&#8221;10&#8243; custom_padding=&#8221;30px||||false|false&#8221; custom_padding_tablet=&#8221;0px||||false|false&#8221; custom_padding_phone=&#8221;&#8221; custom_padding_last_edited=&#8221;on|tablet&#8221; global_colors_info=&#8221;{}&#8221;][dsm_card title=&#8221;Picur Panna nagy kalandja&#8221; subtitle=&#8221;Let\u00f6lthet\u0151&#8221; image=&#8221;https:\/\/meseorszagmindenkie.hu\/wp-content\/uploads\/picur_panna_nagy_kalandja2_2x-scaled-1.jpg&#8221; image_alignment=&#8221;center&#8221; content_padding=&#8221;50px|20px|50px|20px|true|false&#8221; button_text=&#8221;Pic\u00far Panna nagy kalandja &#8211; Kub\u00f3 Cintia.pdf&#8221; button_url=&#8221;https:\/\/meseorszagmindenkie.hu\/wp-content\/uploads\/Picur-Panna-nagy-kalandja-Kubo-Cintia.pdf&#8221; button_url_new_window=&#8221;1&#8243; _builder_version=&#8221;4.23&#8243; _module_preset=&#8221;default&#8221; header_font=&#8221;Cormorant Garamond|700|||||||&#8221; header_text_align=&#8221;center&#8221; header_text_color=&#8221;#000000&#8243; header_font_size=&#8221;27px&#8221; body_text_align=&#8221;center&#8221; subhead_font=&#8221;Cormorant Garamond|700||||on|||&#8221; custom_button=&#8221;on&#8221; button_text_size=&#8221;12px&#8221; button_text_color=&#8221;#FFFFFF&#8221; button_bg_color=&#8221;#000000&#8243; button_border_width=&#8221;0px&#8221; button_border_radius=&#8221;0px&#8221; button_letter_spacing=&#8221;4px&#8221; button_font=&#8221;|700||on|||||&#8221; button_use_icon=&#8221;off&#8221; button_alignment=&#8221;center&#8221; button_custom_padding=&#8221;12px|45px|12px|30px|true|false&#8221; button_custom_padding_tablet=&#8221;12px|45px|12px|30px|true|false&#8221; button_custom_padding_phone=&#8221;|35px||25px|true|false&#8221; button_custom_padding_last_edited=&#8221;on|phone&#8221; text_orientation=&#8221;center&#8221; custom_padding=&#8221;||||false|false&#8221; border_radii=&#8221;on|5px|5px|5px|5px&#8221; box_shadow_style=&#8221;preset1&#8243; box_shadow_vertical=&#8221;26px&#8221; box_shadow_blur=&#8221;32px&#8221; box_shadow_color=&#8221;rgba(34,33,81,0.11)&#8221; global_colors_info=&#8221;{}&#8221; transform_styles__hover_enabled=&#8221;on|desktop&#8221; transform_scale__hover=&#8221;105%|105%&#8221; transform_scale__hover_enabled=&#8221;on|desktop&#8221; transform_translate__hover_enabled=&#8221;on|desktop&#8221; transform_rotate__hover_enabled=&#8221;on|desktop&#8221; transform_skew__hover_enabled=&#8221;on|desktop&#8221; transform_origin__hover_enabled=&#8221;on|desktop&#8221;][\/dsm_card][\/et_pb_column][et_pb_column type=&#8221;1_3&#8243; _builder_version=&#8221;4.16&#8243; z_index=&#8221;10&#8243; custom_padding=&#8221;30px||||false|false&#8221; custom_padding_tablet=&#8221;0px||||false|false&#8221; custom_padding_phone=&#8221;&#8221; custom_padding_last_edited=&#8221;on|tablet&#8221; global_colors_info=&#8221;{}&#8221;][dsm_card title=&#8221;Kincs\u0151 \u00e9s Karola&#8221; subtitle=&#8221;Let\u00f6lthet\u0151&#8221; image=&#8221;https:\/\/meseorszagmindenkie.hu\/wp-content\/uploads\/kincso_karola2_2x.jpg&#8221; image_alignment=&#8221;center&#8221; content_padding=&#8221;50px|20px|50px|20px|true|false&#8221; button_text=&#8221;Kincs\u0151 \u00e9s KArola &#8211; Botzheim Gy\u00f6rgy.pdf&#8221; button_url=&#8221;https:\/\/meseorszagmindenkie.hu\/wp-content\/uploads\/Kincso-es-Karola-Botzheim-Gyorgy.pdf&#8221; button_url_new_window=&#8221;1&#8243; _builder_version=&#8221;4.23&#8243; _module_preset=&#8221;default&#8221; header_font=&#8221;Cormorant Garamond|700|||||||&#8221; header_text_align=&#8221;center&#8221; header_text_color=&#8221;#000000&#8243; header_font_size=&#8221;27px&#8221; body_text_align=&#8221;center&#8221; subhead_font=&#8221;Cormorant Garamond|700||||on|||&#8221; custom_button=&#8221;on&#8221; button_text_size=&#8221;12px&#8221; button_text_color=&#8221;#FFFFFF&#8221; button_bg_color=&#8221;#000000&#8243; button_border_width=&#8221;0px&#8221; button_border_radius=&#8221;0px&#8221; button_letter_spacing=&#8221;4px&#8221; button_font=&#8221;|700||on|||||&#8221; button_use_icon=&#8221;off&#8221; button_alignment=&#8221;center&#8221; button_custom_padding=&#8221;12px|45px|12px|30px|true|false&#8221; button_custom_padding_tablet=&#8221;12px|45px|12px|30px|true|false&#8221; button_custom_padding_phone=&#8221;|35px||25px|true|false&#8221; button_custom_padding_last_edited=&#8221;on|phone&#8221; text_orientation=&#8221;center&#8221; custom_padding=&#8221;||||false|false&#8221; border_radii=&#8221;on|5px|5px|5px|5px&#8221; box_shadow_style=&#8221;preset1&#8243; box_shadow_vertical=&#8221;26px&#8221; box_shadow_blur=&#8221;32px&#8221; box_shadow_color=&#8221;rgba(34,33,81,0.11)&#8221; global_colors_info=&#8221;{}&#8221; transform_styles__hover_enabled=&#8221;on|desktop&#8221; transform_scale__hover=&#8221;105%|105%&#8221; transform_scale__hover_enabled=&#8221;on|desktop&#8221; transform_translate__hover_enabled=&#8221;on|desktop&#8221; transform_rotate__hover_enabled=&#8221;on|desktop&#8221; transform_skew__hover_enabled=&#8221;on|desktop&#8221; transform_origin__hover_enabled=&#8221;on|desktop&#8221;][\/dsm_card][\/et_pb_column][et_pb_column type=&#8221;1_3&#8243; _builder_version=&#8221;4.16&#8243; z_index=&#8221;10&#8243; custom_padding=&#8221;30px||||false|false&#8221; custom_padding_tablet=&#8221;0px||||false|false&#8221; custom_padding_phone=&#8221;&#8221; custom_padding_last_edited=&#8221;on|tablet&#8221; global_colors_info=&#8221;{}&#8221;][dsm_card title=&#8221;L\u00e9gy szerencs\u00e9s Batbaj\u00e1n&#8221; subtitle=&#8221;Let\u00f6lthet\u0151&#8221; image=&#8221;https:\/\/meseorszagmindenkie.hu\/wp-content\/uploads\/batbajan2_2x.jpg&#8221; image_background_position=&#8221;top&#8221; image_alignment=&#8221;center&#8221; content_padding=&#8221;50px|20px|50px|20px|true|false&#8221; button_text=&#8221;L\u00e9gy szerncs\u00e9s Batbaj\u00e1n &#8211; Kub\u00f3 Cintia.pdf&#8221; button_url=&#8221;https:\/\/meseorszagmindenkie.hu\/wp-content\/uploads\/Legy-szerencses-Batbajan-Kubo-Cintia.pdf&#8221; button_url_new_window=&#8221;1&#8243; _builder_version=&#8221;4.23&#8243; _module_preset=&#8221;default&#8221; header_font=&#8221;Cormorant Garamond|700|||||||&#8221; header_text_align=&#8221;center&#8221; header_text_color=&#8221;#000000&#8243; header_font_size=&#8221;27px&#8221; body_text_align=&#8221;center&#8221; subhead_font=&#8221;Cormorant Garamond|700||||on|||&#8221; custom_button=&#8221;on&#8221; button_text_size=&#8221;12px&#8221; button_text_color=&#8221;#FFFFFF&#8221; button_bg_color=&#8221;#000000&#8243; button_border_width=&#8221;0px&#8221; button_border_radius=&#8221;0px&#8221; button_letter_spacing=&#8221;4px&#8221; button_font=&#8221;|700||on|||||&#8221; button_use_icon=&#8221;off&#8221; button_alignment=&#8221;center&#8221; button_custom_padding=&#8221;12px|45px|12px|30px|true|false&#8221; button_custom_padding_tablet=&#8221;12px|45px|12px|30px|true|false&#8221; button_custom_padding_phone=&#8221;|35px||25px|true|false&#8221; button_custom_padding_last_edited=&#8221;on|phone&#8221; text_orientation=&#8221;center&#8221; custom_padding=&#8221;||||false|false&#8221; border_radii=&#8221;on|5px|5px|5px|5px&#8221; box_shadow_style=&#8221;preset1&#8243; box_shadow_vertical=&#8221;26px&#8221; box_shadow_blur=&#8221;32px&#8221; box_shadow_color=&#8221;rgba(34,33,81,0.11)&#8221; global_colors_info=&#8221;{}&#8221; transform_styles__hover_enabled=&#8221;on|desktop&#8221; transform_scale__hover=&#8221;105%|105%&#8221; transform_scale__hover_enabled=&#8221;on|desktop&#8221; transform_translate__hover_enabled=&#8221;on|desktop&#8221; transform_rotate__hover_enabled=&#8221;on|desktop&#8221; transform_skew__hover_enabled=&#8221;on|desktop&#8221; transform_origin__hover_enabled=&#8221;on|desktop&#8221;][\/dsm_card][\/et_pb_column][\/et_pb_row][\/et_pb_section]<\/p>\n","protected":false},"excerpt":{"rendered":"<p>Foglalkoz\u00e1stervek fels\u0151s\u00f6knek<div class=\"et_pb_module dsm_card dsm_card_0 et_pb_bg_layout_light  dsm_card_layout_stacked\">\n\t\t\t\t\n\t\t\t\t\n\t\t\t\t\n\t\t\t\t\n\t\t\t\t\n\t\t\t\t\n\t\t\t\t<div class=\"et_pb_module_inner\">\n\t\t\t\t\t\n\t\t\t\n\t\t\t<figure class=\"dsm_card_image_wrapper dsm_card_badge_top_right\"><div class=\"dsm_card_image_background dsm_card_img\"><\/div><\/figure>\n\t\t\t<div class=\"et_pb_module dsm_card_wrapper et_pb_text_align_&#8221;center&#8221;\">\n\t\t\t\t\t\n\t\t\t\t\t<h4 class=\"dsm_card_title et_pb_module_header\">&#8221;A<\/h4>\n\t\t\t\t\t<div class=\"dsm_card_subtitle\">&#8221;Let\u00f6lthet\u0151&#8221;<\/div>\n\t\t\t\t\t\n\t\t\t\t\t<div class=\"et_pb_button_wrapper\"><a class=\"et_pb_button et_pb_more_button\" href=\"\">&#8221;A<\/a><\/div>\n\t\t\t\t<\/div>\n\t\t\t\n\t\t\t\t<\/div>\n\t\t\t<\/div><\/p>","protected":false},"author":1,"featured_media":0,"parent":259099,"menu_order":1,"comment_status":"closed","ping_status":"closed","template":"","meta":{"_seopress_robots_primary_cat":"","_seopress_titles_title":"","_seopress_titles_desc":"","_seopress_robots_index":"","_et_pb_use_builder":"on","_et_pb_old_content":"","_et_gb_content_width":"","footnotes":""},"class_list":["post-260173","page","type-page","status-publish","hentry"],"_links":{"self":[{"href":"https:\/\/meseorszagmindenkie.hu\/en\/wp-json\/wp\/v2\/pages\/260173","targetHints":{"allow":["GET"]}}],"collection":[{"href":"https:\/\/meseorszagmindenkie.hu\/en\/wp-json\/wp\/v2\/pages"}],"about":[{"href":"https:\/\/meseorszagmindenkie.hu\/en\/wp-json\/wp\/v2\/types\/page"}],"author":[{"embeddable":true,"href":"https:\/\/meseorszagmindenkie.hu\/en\/wp-json\/wp\/v2\/users\/1"}],"replies":[{"embeddable":true,"href":"https:\/\/meseorszagmindenkie.hu\/en\/wp-json\/wp\/v2\/comments?post=260173"}],"version-history":[{"count":7,"href":"https:\/\/meseorszagmindenkie.hu\/en\/wp-json\/wp\/v2\/pages\/260173\/revisions"}],"predecessor-version":[{"id":261112,"href":"https:\/\/meseorszagmindenkie.hu\/en\/wp-json\/wp\/v2\/pages\/260173\/revisions\/261112"}],"up":[{"embeddable":true,"href":"https:\/\/meseorszagmindenkie.hu\/en\/wp-json\/wp\/v2\/pages\/259099"}],"wp:attachment":[{"href":"https:\/\/meseorszagmindenkie.hu\/en\/wp-json\/wp\/v2\/media?parent=260173"}],"curies":[{"name":"wp","href":"https:\/\/api.w.org\/{rel}","templated":true}]}}