
{"id":259104,"date":"2023-05-24T09:28:46","date_gmt":"2023-05-24T07:28:46","guid":{"rendered":"http:\/\/meseorszagmindenkie.hu\/?page_id=259104"},"modified":"2024-01-18T16:06:05","modified_gmt":"2024-01-18T15:06:05","slug":"meseterkepek","status":"publish","type":"page","link":"https:\/\/meseorszagmindenkie.hu\/en\/pedagogusoknak-ajanlott\/meseterkepek\/","title":{"rendered":"Fairy tale Maps"},"content":{"rendered":"<p>[et_pb_section fb_built=&#8221;1&#8243; custom_padding_last_edited=&#8221;on|phone&#8221; admin_label=&#8221;Hero&#8221; _builder_version=&#8221;4.23&#8243; width=&#8221;90%&#8221; width_tablet=&#8221;100%&#8221; width_phone=&#8221;&#8221; width_last_edited=&#8221;on|desktop&#8221; custom_padding=&#8221;||0px|10vw|false|false&#8221; custom_padding_tablet=&#8221;|||0vw|false|false&#8221; custom_padding_phone=&#8221;&#8221; locked=&#8221;off&#8221; global_colors_info=&#8221;{}&#8221;][et_pb_row make_equal=&#8221;on&#8221; _builder_version=&#8221;4.16&#8243; custom_padding=&#8221;0px||0px|||&#8221; global_colors_info=&#8221;{}&#8221;][et_pb_column type=&#8221;4_4&#8243; _builder_version=&#8221;4.16&#8243; global_colors_info=&#8221;{}&#8221;][et_pb_text _builder_version=&#8221;4.20.4&#8243; header_font=&#8221;Cormorant Garamond||||||||&#8221; header_text_color=&#8221;#000000&#8243; header_font_size=&#8221;96px&#8221; header_line_height=&#8221;1.1em&#8221; background_enable_color=&#8221;off&#8221; max_width=&#8221;800px&#8221; custom_margin=&#8221;||||false|false&#8221; header_font_size_tablet=&#8221;56px&#8221; header_font_size_phone=&#8221;40px&#8221; header_font_size_last_edited=&#8221;on|phone&#8221; locked=&#8221;off&#8221; global_colors_info=&#8221;{}&#8221;]<\/p>\n<h1>Meset\u00e9rk\u00e9pek<\/h1>\n<p>[\/et_pb_text][\/et_pb_column][\/et_pb_row][\/et_pb_section][et_pb_section fb_built=&#8221;1&#8243; admin_label=&#8221;Blog&#8221; _builder_version=&#8221;4.16&#8243; global_colors_info=&#8221;{}&#8221;][et_pb_row column_structure=&#8221;1_2,1_2&#8243; _builder_version=&#8221;4.20.4&#8243; custom_padding=&#8221;0px||||false|false&#8221; locked=&#8221;off&#8221; global_colors_info=&#8221;{}&#8221;][et_pb_column type=&#8221;1_2&#8243; _builder_version=&#8221;4.20.4&#8243; background_enable_color=&#8221;off&#8221; z_index=&#8221;10&#8243; custom_padding=&#8221;30px||||false|false&#8221; custom_padding_tablet=&#8221;0px||||false|false&#8221; custom_padding_phone=&#8221;&#8221; custom_padding_last_edited=&#8221;on|tablet&#8221; global_colors_info=&#8221;{}&#8221;][dsm_card title=&#8221;Meset\u00e9rk\u00e9p&#8221; subtitle=&#8221;Trivadar, a h\u00e1romf\u00fcl\u0171 ny\u00fal&#8221; image=&#8221;https:\/\/meseorszagmindenkie.hu\/wp-content\/uploads\/trivadar-nyers.png&#8221; image_background_size=&#8221;contain&#8221; image_alignment=&#8221;center&#8221; content_padding=&#8221;50px|20px|50px|20px|true|false&#8221; button_text=&#8221;Let\u00f6lt\u00e9s&#8221; button_url=&#8221;https:\/\/meseorszagmindenkie.hu\/wp-content\/uploads\/trivadar-meseterkep-kk-scaled.jpg&#8221; button_url_new_window=&#8221;on&#8221; _builder_version=&#8221;4.23.1&#8243; _module_preset=&#8221;default&#8221; header_font=&#8221;Cormorant Garamond|700|||||||&#8221; header_text_align=&#8221;center&#8221; header_text_color=&#8221;#000000&#8243; header_font_size=&#8221;27px&#8221; body_text_align=&#8221;center&#8221; subhead_font=&#8221;Cormorant Garamond|700||||on|||&#8221; custom_button=&#8221;on&#8221; button_text_size=&#8221;12px&#8221; button_text_color=&#8221;#FFFFFF&#8221; button_bg_color=&#8221;#000000&#8243; button_border_width=&#8221;0px&#8221; button_border_radius=&#8221;0px&#8221; button_letter_spacing=&#8221;4px&#8221; button_font=&#8221;|700||on|||||&#8221; button_alignment=&#8221;center&#8221; button_custom_padding=&#8221;12px|45px|12px|30px|true|false&#8221; button_custom_padding_tablet=&#8221;12px|45px|12px|30px|true|false&#8221; button_custom_padding_phone=&#8221;|35px||25px|true|false&#8221; button_custom_padding_last_edited=&#8221;on|phone&#8221; text_orientation=&#8221;center&#8221; custom_padding=&#8221;||||false|false&#8221; hover_enabled=&#8221;0&#8243; border_radii=&#8221;on|5px|5px|5px|5px&#8221; box_shadow_style=&#8221;preset1&#8243; box_shadow_vertical=&#8221;26px&#8221; box_shadow_blur=&#8221;32px&#8221; box_shadow_color=&#8221;rgba(34,33,81,0.11)&#8221; global_colors_info=&#8221;{}&#8221; transform_styles__hover_enabled=&#8221;on|desktop&#8221; transform_scale__hover=&#8221;105%|105%&#8221; transform_scale__hover_enabled=&#8221;on|desktop&#8221; transform_translate__hover_enabled=&#8221;on|desktop&#8221; transform_rotate__hover_enabled=&#8221;on|desktop&#8221; transform_skew__hover_enabled=&#8221;on|desktop&#8221; transform_origin__hover_enabled=&#8221;on|desktop&#8221; sticky_enabled=&#8221;0&#8243;][\/dsm_card][\/et_pb_column][et_pb_column type=&#8221;1_2&#8243; _builder_version=&#8221;4.16&#8243; z_index=&#8221;10&#8243; custom_padding=&#8221;30px||||false|false&#8221; custom_padding_tablet=&#8221;0px||||false|false&#8221; custom_padding_phone=&#8221;&#8221; custom_padding_last_edited=&#8221;on|tablet&#8221; global_colors_info=&#8221;{}&#8221;][dsm_card title=&#8221;Meset\u00e9rk\u00e9p&#8221; subtitle=&#8221;Vaslaci&#8221; image=&#8221;https:\/\/meseorszagmindenkie.hu\/wp-content\/uploads\/vaslaci-gomb-kicsi.png&#8221; image_background_size=&#8221;contain&#8221; image_alignment=&#8221;center&#8221; content_padding=&#8221;50px|20px|50px|20px|true|false&#8221; button_text=&#8221;Let\u00f6lt\u00e9s&#8221; button_url=&#8221;https:\/\/meseorszagmindenkie.hu\/wp-content\/uploads\/vaslaci-meseterkep-kk-scaled.jpg&#8221; button_url_new_window=&#8221;on&#8221; _builder_version=&#8221;4.23.1&#8243; _module_preset=&#8221;default&#8221; header_font=&#8221;Cormorant Garamond|700|||||||&#8221; header_text_align=&#8221;center&#8221; header_text_color=&#8221;#000000&#8243; header_font_size=&#8221;27px&#8221; body_text_align=&#8221;center&#8221; subhead_font=&#8221;Cormorant Garamond|700||||on|||&#8221; custom_button=&#8221;on&#8221; button_text_size=&#8221;12px&#8221; button_text_color=&#8221;#FFFFFF&#8221; button_bg_color=&#8221;#000000&#8243; button_border_width=&#8221;0px&#8221; button_border_radius=&#8221;0px&#8221; button_letter_spacing=&#8221;4px&#8221; button_font=&#8221;|700||on|||||&#8221; button_alignment=&#8221;center&#8221; button_custom_padding=&#8221;12px|45px|12px|30px|true|false&#8221; button_custom_padding_tablet=&#8221;12px|45px|12px|30px|true|false&#8221; button_custom_padding_phone=&#8221;|35px||25px|true|false&#8221; button_custom_padding_last_edited=&#8221;on|phone&#8221; text_orientation=&#8221;center&#8221; custom_padding=&#8221;||||false|false&#8221; hover_enabled=&#8221;0&#8243; border_radii=&#8221;on|5px|5px|5px|5px&#8221; box_shadow_style=&#8221;preset1&#8243; box_shadow_vertical=&#8221;26px&#8221; box_shadow_blur=&#8221;32px&#8221; box_shadow_color=&#8221;rgba(34,33,81,0.11)&#8221; global_colors_info=&#8221;{}&#8221; transform_styles__hover_enabled=&#8221;on|desktop&#8221; transform_scale__hover=&#8221;105%|105%&#8221; transform_scale__hover_enabled=&#8221;on|desktop&#8221; transform_translate__hover_enabled=&#8221;on|desktop&#8221; transform_rotate__hover_enabled=&#8221;on|desktop&#8221; transform_skew__hover_enabled=&#8221;on|desktop&#8221; transform_origin__hover_enabled=&#8221;on|desktop&#8221; sticky_enabled=&#8221;0&#8243;][\/dsm_card][\/et_pb_column][\/et_pb_row][\/et_pb_section]<\/p>\n","protected":false},"excerpt":{"rendered":"<p>Fairy tale Maps<div class=\"et_pb_module dsm_card dsm_card_0 et_pb_bg_layout_light  dsm_card_layout_stacked\">\n\t\t\t\t\n\t\t\t\t\n\t\t\t\t\n\t\t\t\t\n\t\t\t\t\n\t\t\t\t\n\t\t\t\t<div class=\"et_pb_module_inner\">\n\t\t\t\t\t\n\t\t\t\n\t\t\t<figure class=\"dsm_card_image_wrapper dsm_card_badge_top_right\"><div class=\"dsm_card_image_background dsm_card_img\"><\/div><\/figure>\n\t\t\t<div class=\"et_pb_module dsm_card_wrapper et_pb_text_align_center\">\n\t\t\t\t\t\n\t\t\t\t\t<h4 class=\"dsm_card_title et_pb_module_header\">Meset\u00e9rk\u00e9p<\/h4>\n\t\t\t\t\t<div class=\"dsm_card_subtitle\">Threeodore the Three-eared Rabbit<\/div>\n\t\t\t\t\t\n\t\t\t\t\t<div class=\"et_pb_button_wrapper\"><a class=\"et_pb_button et_pb_more_button\" href=\"https:\/\/meseorszagmindenkie.hu\/wp-content\/uploads\/trivadar-meseterkep-kk-scaled.jpg\" target=\"_blank\">Let\u00f6lt\u00e9s<\/a><\/div>\n\t\t\t\t<\/div>\n\t\t\t\n\t\t\t\t<\/div>\n\t\t\t<\/div><div class=\"et_pb_module dsm_card dsm_card_1 et_pb_bg_layout_light  dsm_card_layout_stacked\">\n\t\t\t\t\n\t\t\t\t\n\t\t\t\t\n\t\t\t\t\n\t\t\t\t\n\t\t\t\t\n\t\t\t\t<div class=\"et_pb_module_inner\">\n\t\t\t\t\t\n\t\t\t\n\t\t\t\n\t\t\t<div class=\"et_pb_module dsm_card_wrapper et_pb_text_align_left\">\n\t\t\t\t\t\n\t\t\t\t\t<h4 class=\"dsm_card_title et_pb_module_header\">&#8221;Meset\u00e9rk\u00e9p&#8221;<\/h4>\n\t\t\t\t\t<div class=\"dsm_card_subtitle\">&#8221;Vaslaci&#8221;<\/div>\n\t\t\t\t\t\n\t\t\t\t\t\n\t\t\t\t<\/div>\n\t\t\t\n\t\t\t\t<\/div>\n\t\t\t<\/div><\/p>","protected":false},"author":1,"featured_media":0,"parent":50,"menu_order":1,"comment_status":"closed","ping_status":"closed","template":"","meta":{"_seopress_robots_primary_cat":"","_seopress_titles_title":"","_seopress_titles_desc":"","_seopress_robots_index":"","_et_pb_use_builder":"on","_et_pb_old_content":"","_et_gb_content_width":"","footnotes":""},"class_list":["post-259104","page","type-page","status-publish","hentry"],"_links":{"self":[{"href":"https:\/\/meseorszagmindenkie.hu\/en\/wp-json\/wp\/v2\/pages\/259104","targetHints":{"allow":["GET"]}}],"collection":[{"href":"https:\/\/meseorszagmindenkie.hu\/en\/wp-json\/wp\/v2\/pages"}],"about":[{"href":"https:\/\/meseorszagmindenkie.hu\/en\/wp-json\/wp\/v2\/types\/page"}],"author":[{"embeddable":true,"href":"https:\/\/meseorszagmindenkie.hu\/en\/wp-json\/wp\/v2\/users\/1"}],"replies":[{"embeddable":true,"href":"https:\/\/meseorszagmindenkie.hu\/en\/wp-json\/wp\/v2\/comments?post=259104"}],"version-history":[{"count":10,"href":"https:\/\/meseorszagmindenkie.hu\/en\/wp-json\/wp\/v2\/pages\/259104\/revisions"}],"predecessor-version":[{"id":261206,"href":"https:\/\/meseorszagmindenkie.hu\/en\/wp-json\/wp\/v2\/pages\/259104\/revisions\/261206"}],"up":[{"embeddable":true,"href":"https:\/\/meseorszagmindenkie.hu\/en\/wp-json\/wp\/v2\/pages\/50"}],"wp:attachment":[{"href":"https:\/\/meseorszagmindenkie.hu\/en\/wp-json\/wp\/v2\/media?parent=259104"}],"curies":[{"name":"wp","href":"https:\/\/api.w.org\/{rel}","templated":true}]}}