
{"id":259019,"date":"2023-04-21T17:59:28","date_gmt":"2023-04-21T15:59:28","guid":{"rendered":"http:\/\/meseorszagmindenkie.hu\/?page_id=259019"},"modified":"2023-09-20T16:09:04","modified_gmt":"2023-09-20T14:09:04","slug":"adatvedelem","status":"publish","type":"page","link":"https:\/\/meseorszagmindenkie.hu\/en\/adatvedelem\/","title":{"rendered":"Privacy"},"content":{"rendered":"<p>[et_pb_section fb_built=&#8221;1&#8243; make_equal=&#8221;on&#8221; specialty=&#8221;on&#8221; padding_top_1=&#8221;48px&#8221; padding_top_2=&#8221;48px&#8221; padding_right_2=&#8221;20px&#8221; padding_bottom_2=&#8221;48px&#8221; padding_left_2=&#8221;20px&#8221; padding_top_bottom_link_1=&#8221;false&#8221; padding_top_bottom_link_2=&#8221;true&#8221; padding_left_right_link_1=&#8221;false&#8221; padding_left_right_link_2=&#8221;true&#8221; padding_1_tablet=&#8221;0px||0px||true|false&#8221; padding_1_phone=&#8221;&#8221; padding_1_last_edited=&#8221;on|desktop&#8221; admin_label=&#8221;Hero&#8221; _builder_version=&#8221;4.22.1&#8243; width_tablet=&#8221;100%&#8221; width_last_edited=&#8221;off|desktop&#8221; inner_width_tablet=&#8221;&#8221; inner_width_phone=&#8221;&#8221; inner_width_last_edited=&#8221;on|tablet&#8221; custom_padding=&#8221;0px||0px||true|false&#8221; inner_module_alignment_tablet=&#8221;center&#8221; inner_module_alignment_last_edited=&#8221;off|desktop&#8221; locked=&#8221;off&#8221; global_colors_info=&#8221;{}&#8221;][et_pb_column type=&#8221;2_3&#8243; specialty_columns=&#8221;2&#8243; _builder_version=&#8221;4.16&#8243; custom_padding=&#8221;|||&#8221; global_colors_info=&#8221;{}&#8221; custom_padding__hover=&#8221;|||&#8221;][et_pb_row_inner make_equal=&#8221;on&#8221; _builder_version=&#8221;4.16&#8243; custom_padding=&#8221;0px||0px|||&#8221; global_colors_info=&#8221;{}&#8221;][et_pb_column_inner saved_specialty_column_type=&#8221;2_3&#8243; _builder_version=&#8221;4.16&#8243; global_colors_info=&#8221;{}&#8221;][et_pb_text _builder_version=&#8221;4.20.4&#8243; header_font=&#8221;Cormorant Garamond||||||||&#8221; header_font_size=&#8221;6vw&#8221; header_line_height=&#8221;1.1em&#8221; max_width=&#8221;800px&#8221; custom_margin_tablet=&#8221;|0vw|||false|false&#8221; custom_margin_last_edited=&#8221;off|desktop&#8221; header_font_size_tablet=&#8221;60px&#8221; header_font_size_phone=&#8221;40px&#8221; header_font_size_last_edited=&#8221;on|phone&#8221; locked=&#8221;off&#8221; global_colors_info=&#8221;{}&#8221;]<\/p>\n<h1>Adatv\u00e9delem<\/h1>\n<p>[\/et_pb_text][\/et_pb_column_inner][\/et_pb_row_inner][\/et_pb_column][et_pb_column type=&#8221;1_3&#8243; _builder_version=&#8221;4.16&#8243; custom_padding=&#8221;|||&#8221; global_colors_info=&#8221;{}&#8221; custom_padding__hover=&#8221;|||&#8221;][et_pb_image src=&#8221;https:\/\/meseorszagmindenkie.hu\/wp-content\/uploads\/faq-demo-icons3.png&#8221; title_text=&#8221;faq-demo-icons3&#8243; _builder_version=&#8221;4.22.1&#8243; _module_preset=&#8221;default&#8221; global_colors_info=&#8221;{}&#8221;][\/et_pb_image][\/et_pb_column][\/et_pb_section][et_pb_section fb_built=&#8221;1&#8243; _builder_version=&#8221;4.20.4&#8243; _module_preset=&#8221;default&#8221; global_colors_info=&#8221;{}&#8221;][et_pb_row _builder_version=&#8221;4.20.4&#8243; _module_preset=&#8221;default&#8221; global_colors_info=&#8221;{}&#8221;][et_pb_column type=&#8221;4_4&#8243; _builder_version=&#8221;4.20.4&#8243; _module_preset=&#8221;default&#8221; global_colors_info=&#8221;{}&#8221;][et_pb_text _builder_version=&#8221;4.22.1&#8243; _module_preset=&#8221;default&#8221; text_font=&#8221;Cormorant Garamond|600|||||||&#8221; text_font_size=&#8221;20px&#8221; link_text_color=&#8221;#E09900&#8243; header_font=&#8221;Cormorant Garamond||||||||&#8221; header_2_font=&#8221;Cormorant Garamond|700|||||||&#8221; header_2_font_size=&#8221;32px&#8221; global_colors_info=&#8221;{}&#8221;]<\/p>\n<p><span>A Meseorsz\u00e1g mindenki\u00e9 honlap a Labrisz Egyes\u00fclet tulajdona, a honlapra az egyes\u00fclet t\u00f6bbi honlapj\u00e1ra is vonatkoz\u00f3 adatkezel\u00e9si szab\u00e1lyoz\u00e1s vonatkozik, amit <a href=\"https:\/\/labrisz.hu\/index.php?pageid=173\" target=\"_blank\" rel=\"noopener\">itt<\/a> olvashat.<\/span><\/p>\n<p>[\/et_pb_text][\/et_pb_column][\/et_pb_row][\/et_pb_section]<\/p>\n","protected":false},"excerpt":{"rendered":"<p>Adatv\u00e9delemA Meseorsz\u00e1g mindenki\u00e9 honlap a Labrisz Egyes\u00fclet tulajdona, a honlapra az egyes\u00fclet t\u00f6bbi honlapj\u00e1ra is vonatkoz\u00f3 adatkezel\u00e9si szab\u00e1lyoz\u00e1s vonatkozik, amit itt olvashat.<\/p>","protected":false},"author":1,"featured_media":0,"parent":0,"menu_order":0,"comment_status":"closed","ping_status":"closed","template":"","meta":{"_seopress_robots_primary_cat":"","_seopress_titles_title":"","_seopress_titles_desc":"","_seopress_robots_index":"yes","_et_pb_use_builder":"on","_et_pb_old_content":"","_et_gb_content_width":"","footnotes":""},"class_list":["post-259019","page","type-page","status-publish","hentry"],"_links":{"self":[{"href":"https:\/\/meseorszagmindenkie.hu\/en\/wp-json\/wp\/v2\/pages\/259019","targetHints":{"allow":["GET"]}}],"collection":[{"href":"https:\/\/meseorszagmindenkie.hu\/en\/wp-json\/wp\/v2\/pages"}],"about":[{"href":"https:\/\/meseorszagmindenkie.hu\/en\/wp-json\/wp\/v2\/types\/page"}],"author":[{"embeddable":true,"href":"https:\/\/meseorszagmindenkie.hu\/en\/wp-json\/wp\/v2\/users\/1"}],"replies":[{"embeddable":true,"href":"https:\/\/meseorszagmindenkie.hu\/en\/wp-json\/wp\/v2\/comments?post=259019"}],"version-history":[{"count":6,"href":"https:\/\/meseorszagmindenkie.hu\/en\/wp-json\/wp\/v2\/pages\/259019\/revisions"}],"predecessor-version":[{"id":260674,"href":"https:\/\/meseorszagmindenkie.hu\/en\/wp-json\/wp\/v2\/pages\/259019\/revisions\/260674"}],"wp:attachment":[{"href":"https:\/\/meseorszagmindenkie.hu\/en\/wp-json\/wp\/v2\/media?parent=259019"}],"curies":[{"name":"wp","href":"https:\/\/api.w.org\/{rel}","templated":true}]}}