
{"id":259012,"date":"2023-04-21T17:55:43","date_gmt":"2023-04-21T15:55:43","guid":{"rendered":"http:\/\/meseorszagmindenkie.hu\/?page_id=259012"},"modified":"2023-11-09T19:23:21","modified_gmt":"2023-11-09T18:23:21","slug":"impresszum","status":"publish","type":"page","link":"https:\/\/meseorszagmindenkie.hu\/en\/impresszum\/","title":{"rendered":"Impress"},"content":{"rendered":"<p>[et_pb_section fb_built=&#8221;1&#8243; make_equal=&#8221;on&#8221; specialty=&#8221;on&#8221; padding_top_1=&#8221;48px&#8221; padding_top_2=&#8221;48px&#8221; padding_right_2=&#8221;20px&#8221; padding_bottom_2=&#8221;48px&#8221; padding_left_2=&#8221;20px&#8221; padding_top_bottom_link_1=&#8221;false&#8221; padding_top_bottom_link_2=&#8221;true&#8221; padding_left_right_link_1=&#8221;false&#8221; padding_left_right_link_2=&#8221;true&#8221; padding_1_tablet=&#8221;0px||0px||true|false&#8221; padding_1_phone=&#8221;&#8221; padding_1_last_edited=&#8221;on|desktop&#8221; admin_label=&#8221;Hero&#8221; _builder_version=&#8221;4.21.0&#8243; width_tablet=&#8221;100%&#8221; width_last_edited=&#8221;off|desktop&#8221; inner_width_tablet=&#8221;&#8221; inner_width_phone=&#8221;&#8221; inner_width_last_edited=&#8221;on|tablet&#8221; custom_padding=&#8221;0px||0px||true|false&#8221; inner_module_alignment_tablet=&#8221;center&#8221; inner_module_alignment_last_edited=&#8221;off|desktop&#8221; locked=&#8221;off&#8221; global_colors_info=&#8221;{}&#8221;][et_pb_column type=&#8221;2_3&#8243; specialty_columns=&#8221;2&#8243; _builder_version=&#8221;4.16&#8243; custom_padding=&#8221;|||&#8221; global_colors_info=&#8221;{}&#8221; custom_padding__hover=&#8221;|||&#8221;][et_pb_row_inner make_equal=&#8221;on&#8221; _builder_version=&#8221;4.16&#8243; custom_padding=&#8221;0px||0px|||&#8221; global_colors_info=&#8221;{}&#8221;][et_pb_column_inner saved_specialty_column_type=&#8221;2_3&#8243; _builder_version=&#8221;4.16&#8243; global_colors_info=&#8221;{}&#8221;][et_pb_text _builder_version=&#8221;4.16&#8243; header_font=&#8221;Cormorant Garamond||||||||&#8221; header_font_size=&#8221;6vw&#8221; header_line_height=&#8221;1.1em&#8221; max_width=&#8221;800px&#8221; custom_margin_tablet=&#8221;|0vw|||false|false&#8221; custom_margin_last_edited=&#8221;off|desktop&#8221; header_font_size_tablet=&#8221;60px&#8221; header_font_size_phone=&#8221;40px&#8221; header_font_size_last_edited=&#8221;on|phone&#8221; locked=&#8221;off&#8221; global_colors_info=&#8221;{}&#8221;]<\/p>\n<h1>Impresszum<\/h1>\n<p>[\/et_pb_text][\/et_pb_column_inner][\/et_pb_row_inner][\/et_pb_column][et_pb_column type=&#8221;1_3&#8243; _builder_version=&#8221;4.16&#8243; custom_padding=&#8221;|||&#8221; global_colors_info=&#8221;{}&#8221; custom_padding__hover=&#8221;|||&#8221;][et_pb_image src=&#8221;https:\/\/meseorszagmindenkie.hu\/wp-content\/uploads\/faq-demo-icons3.png&#8221; title_text=&#8221;faq-demo-icons3&#8243; _builder_version=&#8221;4.21.0&#8243; _module_preset=&#8221;default&#8221; max_width=&#8221;50%&#8221; global_colors_info=&#8221;{}&#8221;][\/et_pb_image][\/et_pb_column][\/et_pb_section][et_pb_section fb_built=&#8221;1&#8243; _builder_version=&#8221;4.21.0&#8243; _module_preset=&#8221;default&#8221; global_colors_info=&#8221;{}&#8221;][et_pb_row _builder_version=&#8221;4.21.0&#8243; _module_preset=&#8221;default&#8221; global_colors_info=&#8221;{}&#8221;][et_pb_column type=&#8221;4_4&#8243; _builder_version=&#8221;4.21.0&#8243; _module_preset=&#8221;default&#8221; global_colors_info=&#8221;{}&#8221;][et_pb_text _builder_version=&#8221;4.22.1&#8243; _module_preset=&#8221;default&#8221; link_text_color=&#8221;#E09900&#8243; hover_enabled=&#8221;0&#8243; global_colors_info=&#8221;{}&#8221; text_font=&#8221;Cormorant Garamond||||||||&#8221; sticky_enabled=&#8221;0&#8243;]<\/p>\n<p>Labrisz Leszbikus Egyes\u00fclet<br \/>Postac\u00edm: 1088 Budapest, R\u00e1k\u00f3czi \u00fat 11.<br \/>Telefon: +3630-489-3123<br \/>E-mail: labrisz@labrisz.hu<br \/>Internet: labrisz.hu, meseorszagmindenkie.hu<br \/>Az Egyes\u00fclet jogi szem\u00e9lyis\u00e9ggel rendelkez\u0151, k\u00f6zhaszn\u00fa civil szervezet<\/p>\n<p>T\u00e1rhelyszolg\u00e1ltat\u00f3: www.wstgroup.hu<br \/>HU Telephone: +36 70 429 34 35<br \/>HU Address: 1034 Budapest, Makovecz Imre utca 23.<\/p>\n<p>K\u00e9pek: &#8211; saj\u00e1t<\/p>\n<p>[\/et_pb_text][\/et_pb_column][\/et_pb_row][\/et_pb_section]<\/p>\n","protected":false},"excerpt":{"rendered":"<p>ImpresszumLabrisz Leszbikus Egyes\u00fcletPostac\u00edm: 1088 Budapest, R\u00e1k\u00f3czi \u00fat 11.Telefon: +3630-489-3123E-mail: labrisz@labrisz.huInternet: labrisz.hu, meseorszagmindenkie.huAz Egyes\u00fclet jogi szem\u00e9lyis\u00e9ggel rendelkez\u0151, k\u00f6zhaszn\u00fa civil szervezet T\u00e1rhelyszolg\u00e1ltat\u00f3: www.wstgroup.huHU Telephone: +36 70 429 34 35HU Address: 1034 Budapest, Makovecz Imre utca 23. K\u00e9pek: &#8211; saj\u00e1t<\/p>","protected":false},"author":1,"featured_media":0,"parent":0,"menu_order":0,"comment_status":"closed","ping_status":"closed","template":"","meta":{"_seopress_robots_primary_cat":"","_seopress_titles_title":"","_seopress_titles_desc":"","_seopress_robots_index":"yes","_et_pb_use_builder":"on","_et_pb_old_content":"","_et_gb_content_width":"","footnotes":""},"class_list":["post-259012","page","type-page","status-publish","hentry"],"_links":{"self":[{"href":"https:\/\/meseorszagmindenkie.hu\/en\/wp-json\/wp\/v2\/pages\/259012","targetHints":{"allow":["GET"]}}],"collection":[{"href":"https:\/\/meseorszagmindenkie.hu\/en\/wp-json\/wp\/v2\/pages"}],"about":[{"href":"https:\/\/meseorszagmindenkie.hu\/en\/wp-json\/wp\/v2\/types\/page"}],"author":[{"embeddable":true,"href":"https:\/\/meseorszagmindenkie.hu\/en\/wp-json\/wp\/v2\/users\/1"}],"replies":[{"embeddable":true,"href":"https:\/\/meseorszagmindenkie.hu\/en\/wp-json\/wp\/v2\/comments?post=259012"}],"version-history":[{"count":7,"href":"https:\/\/meseorszagmindenkie.hu\/en\/wp-json\/wp\/v2\/pages\/259012\/revisions"}],"predecessor-version":[{"id":260671,"href":"https:\/\/meseorszagmindenkie.hu\/en\/wp-json\/wp\/v2\/pages\/259012\/revisions\/260671"}],"wp:attachment":[{"href":"https:\/\/meseorszagmindenkie.hu\/en\/wp-json\/wp\/v2\/media?parent=259012"}],"curies":[{"name":"wp","href":"https:\/\/api.w.org\/{rel}","templated":true}]}}